{"id":17972,"date":"2020-02-18T11:31:43","date_gmt":"2020-02-18T11:31:43","guid":{"rendered":"https:\/\/demo01.houzez.co\/?page_id=10"},"modified":"2026-03-27T12:40:20","modified_gmt":"2026-03-27T15:40:20","slug":"home","status":"publish","type":"page","link":"https:\/\/webit.com.ar\/tierrasdelsur\/","title":{"rendered":"Home"},"content":{"rendered":"\t\t<div data-elementor-type=\"wp-page\" data-elementor-id=\"17972\" class=\"elementor elementor-17972\" data-elementor-post-type=\"page\">\n\t\t\t\t\t\t<section class=\"elementor-section elementor-top-section elementor-element elementor-element-b147f27 elementor-section-stretched elementor-section-height-min-height elementor-section-boxed elementor-section-height-default elementor-section-items-middle\" data-id=\"b147f27\" data-element_type=\"section\" data-e-type=\"section\" data-settings=\"{&quot;stretch_section&quot;:&quot;section-stretched&quot;,&quot;background_background&quot;:&quot;classic&quot;}\">\n\t\t\t\t\t\t\t<div class=\"elementor-background-overlay\"><\/div>\n\t\t\t\t\t\t\t<div class=\"elementor-container elementor-column-gap-default\">\n\t\t\t\t\t<div class=\"elementor-column elementor-col-100 elementor-top-column elementor-element elementor-element-1c7ef66\" data-id=\"1c7ef66\" data-element_type=\"column\" data-e-type=\"column\">\n\t\t\t<div class=\"elementor-widget-wrap elementor-element-populated\">\n\t\t\t\t\t\t<section class=\"elementor-section elementor-inner-section elementor-element elementor-element-832f136 elementor-section-boxed elementor-section-height-default elementor-section-height-default\" data-id=\"832f136\" data-element_type=\"section\" data-e-type=\"section\">\n\t\t\t\t\t\t<div class=\"elementor-container elementor-column-gap-default\">\n\t\t\t\t\t<div class=\"elementor-column elementor-col-16 elementor-inner-column elementor-element elementor-element-4953fca\" data-id=\"4953fca\" data-element_type=\"column\" data-e-type=\"column\">\n\t\t\t<div class=\"elementor-widget-wrap\">\n\t\t\t\t\t\t\t<\/div>\n\t\t<\/div>\n\t\t\t\t<div class=\"elementor-column elementor-col-66 elementor-inner-column elementor-element elementor-element-b488bd4\" data-id=\"b488bd4\" data-element_type=\"column\" data-e-type=\"column\">\n\t\t\t<div class=\"elementor-widget-wrap\">\n\t\t\t\t\t\t\t<\/div>\n\t\t<\/div>\n\t\t\t\t<div class=\"elementor-column elementor-col-16 elementor-inner-column elementor-element elementor-element-5dacfcd\" data-id=\"5dacfcd\" data-element_type=\"column\" data-e-type=\"column\">\n\t\t\t<div class=\"elementor-widget-wrap\">\n\t\t\t\t\t\t\t<\/div>\n\t\t<\/div>\n\t\t\t\t\t<\/div>\n\t\t<\/section>\n\t\t\t\t\t<\/div>\n\t\t<\/div>\n\t\t\t\t\t<\/div>\n\t\t<\/section>\n\t\t\t\t<section class=\"elementor-section elementor-top-section elementor-element elementor-element-de02c12 elementor-section-boxed elementor-section-height-default elementor-section-height-default\" data-id=\"de02c12\" data-element_type=\"section\" data-e-type=\"section\" data-settings=\"{&quot;background_background&quot;:&quot;classic&quot;}\">\n\t\t\t\t\t\t<div class=\"elementor-container elementor-column-gap-default\">\n\t\t\t\t\t<div class=\"elementor-column elementor-col-100 elementor-top-column elementor-element elementor-element-5c73b61\" data-id=\"5c73b61\" data-element_type=\"column\" data-e-type=\"column\">\n\t\t\t<div class=\"elementor-widget-wrap elementor-element-populated\">\n\t\t\t\t\t\t<div class=\"elementor-element elementor-element-3a474c0 elementor-button-align-end elementor-widget elementor-widget-houzez_elementor_search_builder\" data-id=\"3a474c0\" data-element_type=\"widget\" data-e-type=\"widget\" data-widget_type=\"houzez_elementor_search_builder.default\">\n\t\t\t\t<div class=\"elementor-widget-container\">\n\t\t\t\t\t\n        <form class=\"houzez-search-form-js houzez-search-builder-form-js\" id=\"houzez-search-3a474c0\" method=\"get\" action=\"https:\/\/webit.com.ar\/tierrasdelsur\/resultados-de-la-busqueda\/\" >\n\n            \n            <div class=\"houzez-search-builder-wrapper\">\n\n                <div class=\"houzez-ele-search-form-wrapper elementor-form-fields-wrapper elementor-labels-above\">\n\n                                            <div class=\"elementor-field-group elementor-column form-group elementor-field-group-4d72ffa elementor-col-15\">\n                    <label for=\"form-field-4d72ffa\" class=\"elementor-field-label\">Operaci\u00f3n<\/label>        <div class=\"elementor-field elementor-select-wrapper form-group\">\n            <select data-size=\"5\" name=\"status[]\" id=\"form-field-4d72ffa\" class=\"selectpicker bs-select-hidden houzez-field-textual form-control elementor-size-xs status-js\" data-none-results-text=\"No se encontraron resultados. {0}\">\n                <option value=\"\">Operaci\u00f3n<\/option><option data-ref=\"alquiler\"   value=\"alquiler\">Alquiler<\/option><option data-ref=\"venta\"   value=\"venta\">Venta<\/option>            <\/select>\n        <\/div>\n                            <\/div>\n                                <div class=\"elementor-field-group elementor-column form-group elementor-field-group-field-types elementor-col-15 elementor-sm-100\">\n                    <label for=\"form-field-field-types\" class=\"elementor-field-label\">Tipo<\/label>        <div class=\"elementor-field elementor-select-wrapper form-group\">\n            <select multiple=\"multiple\" title=\"Tipo\" data-selected-text-format=\"count &gt; 1\" data-select-all-text=\"Seleccionar todo\" data-deselect-all-text=\"Deseleccionar todo\" data-actions-box=\"true\" data-count-selected-text=\"{0} types selected\" data-size=\"5\" name=\"type[]\" id=\"form-field-field-types\" class=\"selectpicker bs-select-hidden houzez-field-textual form-control elementor-size-xs \" data-none-results-text=\"No se encontraron resultados. {0}\">\n                <option data-ref=\"casa\"   value=\"casa\">Casa<\/option><option data-ref=\"departamento\"   value=\"departamento\">Departamento<\/option><option data-ref=\"hotel\"   value=\"hotel\">Hotel<\/option><option data-ref=\"local-comercial\"   value=\"local-comercial\">Local Comercial<\/option><option data-ref=\"ph\"   value=\"ph\">PH<\/option><option data-ref=\"terreno\"   value=\"terreno\">Terreno<\/option>            <\/select>\n        <\/div>\n                            <\/div>\n                                <div class=\"elementor-field-group elementor-column form-group elementor-field-group-3df69b3 elementor-col-15\">\n                    <label for=\"form-field-3df69b3\" class=\"elementor-field-label\">Ciudad<\/label>        <div class=\"elementor-field elementor-select-wrapper form-group\">\n            <select data-size=\"5\" name=\"areas[]\" id=\"form-field-3df69b3\" class=\"selectpicker bs-select-hidden houzez-field-textual form-control elementor-size-xs houzezSelectFilter houzezFourthList\" data-none-results-text=\"No se encontraron resultados. {0}\">\n                <option value=\"\">Ciudad<\/option><option data-ref=\"alihuen-alto-y-bajo\" data-belong=\"\" data-subtext=\"\" value=\"alihuen-alto-y-bajo\">Alihuen Alto y Bajo<\/option><option data-ref=\"altos-de-chapelco\" data-belong=\"\" data-subtext=\"\" value=\"altos-de-chapelco\">Altos de Chapelco<\/option><option data-ref=\"altos-del-sol\" data-belong=\"\" data-subtext=\"\" value=\"altos-del-sol\">Altos del Sol<\/option><option data-ref=\"centro\" data-belong=\"\" data-subtext=\"\" value=\"centro\">Centro<\/option><option data-ref=\"chapelco-golf-resort\" data-belong=\"\" data-subtext=\"\" value=\"chapelco-golf-resort\">Chapelco Golf &amp; Resort<\/option><option data-ref=\"el-desafio\" data-belong=\"\" data-subtext=\"\" value=\"el-desafio\">El Desaf\u00edo<\/option><option data-ref=\"estancia-miralejos\" data-belong=\"\" data-subtext=\"\" value=\"estancia-miralejos\">Estancia Miralejos<\/option><option data-ref=\"kaleuche\" data-belong=\"\" data-subtext=\"\" value=\"kaleuche\">Kaleuche<\/option><option data-ref=\"la-cascada\" data-belong=\"\" data-subtext=\"\" value=\"la-cascada\">La Cascada<\/option><option data-ref=\"las-marias-del-valle\" data-belong=\"\" data-subtext=\"\" value=\"las-marias-del-valle\">Las Marias Del Valle<\/option><option data-ref=\"los-faldeos-de-chapelco\" data-belong=\"\" data-subtext=\"\" value=\"los-faldeos-de-chapelco\">Los Faldeos de Chapelco<\/option><option data-ref=\"los-maitenes\" data-belong=\"\" data-subtext=\"\" value=\"los-maitenes\">Los Maitenes<\/option><option data-ref=\"los-riscos\" data-belong=\"\" data-subtext=\"\" value=\"los-riscos\">Los Riscos<\/option><option data-ref=\"noregon-club-de-campos\" data-belong=\"\" data-subtext=\"\" value=\"noregon-club-de-campos\">Noregon \u2013 Club de Campos<\/option><option data-ref=\"potrero-alto\" data-belong=\"\" data-subtext=\"\" value=\"potrero-alto\">Potrero Alto<\/option><option data-ref=\"quila-quina\" data-belong=\"\" data-subtext=\"\" value=\"quila-quina\">Quila Quina<\/option><option data-ref=\"quilquihue\" data-belong=\"\" data-subtext=\"\" value=\"quilquihue\">Quilquihue<\/option><option data-ref=\"ratral\" data-belong=\"\" data-subtext=\"\" value=\"ratral\">Ratral<\/option><option data-ref=\"reserva-baja\" data-belong=\"\" data-subtext=\"\" value=\"reserva-baja\">Reserva Baja<\/option><option data-ref=\"ruca-hue\" data-belong=\"\" data-subtext=\"\" value=\"ruca-hue\">Ruca Hue<\/option><option data-ref=\"valle-escondido-club-de-campo\" data-belong=\"\" data-subtext=\"\" value=\"valle-escondido-club-de-campo\">Valle escondido \u2013 Club de campo<\/option><option data-ref=\"villa-vega-maipu\" data-belong=\"\" data-subtext=\"\" value=\"villa-vega-maipu\">Villa Vega Maip\u00fa<\/option><option data-ref=\"villa-vega-san-martin\" data-belong=\"\" data-subtext=\"\" value=\"villa-vega-san-martin\">Villa Vega San Martin<\/option>            <\/select>\n        <\/div>\n                            <\/div>\n                                <div class=\"elementor-field-group elementor-column form-group elementor-field-group-2a4a422 elementor-col-15\">\n                    <label for=\"form-field-2a4a422\" class=\"elementor-field-label\">Zona<\/label>        <div class=\"elementor-field elementor-select-wrapper form-group\">\n            <select data-size=\"5\" name=\"location[]\" id=\"form-field-2a4a422\" class=\"selectpicker bs-select-hidden houzez-field-textual form-control elementor-size-xs houzezSelectFilter houzezCityFilter houzezThirdList houzez-city-js\" data-none-results-text=\"No se encontraron resultados. {0}\" data-target=\"houzezFourthList\">\n                <option value=\"\">Zona<\/option><option data-ref=\"anelo\" data-belong=\"\" data-subtext=\"\" value=\"anelo\">A\u00f1elo<\/option><option data-ref=\"caleufu\" data-belong=\"\" data-subtext=\"\" value=\"caleufu\">Caleuf\u00fa<\/option><option data-ref=\"huechulafquen\" data-belong=\"\" data-subtext=\"\" value=\"huechulafquen\">Huechulafquen<\/option><option data-ref=\"lago-lolog\" data-belong=\"\" data-subtext=\"\" value=\"lago-lolog\">Lago Lolog<\/option><option data-ref=\"los-lagos\" data-belong=\"\" data-subtext=\"\" value=\"los-lagos\">Los Lagos<\/option><option data-ref=\"meliquina\" data-belong=\"\" data-subtext=\"\" value=\"meliquina\">Meliquina<\/option><option data-ref=\"san-martin-de-los-andes\" data-belong=\"\" data-subtext=\"\" value=\"san-martin-de-los-andes\">San Martin De Los Andes<\/option>            <\/select>\n        <\/div>\n                            <\/div>\n                                <div class=\"elementor-field-group elementor-column form-group elementor-field-group-field-beds elementor-col-15 elementor-sm-100\">\n                    <label for=\"form-field-field-beds\" class=\"elementor-field-label\">Ambientes<\/label>        <div class=\"elementor-field elementor-select-wrapper\">\n            <select data-size=\"5\" name=\"rooms\" id=\"form-field-field-beds\" class=\"selectpicker bs-select-hidden houzez-field-textual form-control elementor-size-xs\">\n                <option value=\"\">Ambientes<\/option><option value=\"1\">1<\/option><option value=\"2\">2<\/option><option value=\"3\">3<\/option><option value=\"4\">4<\/option><option value=\"5\">5<\/option><option value=\"6\">6<\/option><option value=\"7\">7<\/option><option value=\"8\">8<\/option><option value=\"9\">9<\/option><option value=\"10\">10<\/option><option value=\"any\">Cualquier<\/option>            <\/select>\n        <\/div>\n                            <\/div>\n                                <div class=\"elementor-field-group elementor-column form-group elementor-field-group-field-max-price elementor-col-10 elementor-sm-100\">\n                    <label for=\"form-field-field-max-price\" class=\"elementor-field-label\">C\u00f3digo<\/label><input type=\"text\" size=\"1\" name=\"property_id\" id=\"form-field-field-max-price\" value=\"\" class=\"elementor-field form-control elementor-size-xs elementor-field-textual\" placeholder=\"C\u00f3digo\">                    <\/div>\n                                    <div class=\"elementor-field-group elementor-column elementor-field-type-submit elementor-col-14\">\n                                <button type=\"submit\" class=\"houzez-search-button btn-primary elementor-button elementor-size-sm\">\n                                                                            BUSCAR                                                                    <\/button>\n                            <\/div>\n                            \n                <\/div><!-- End main wrapper-->\n\n                            <\/div> <!-- End houzez-search-builder-wrapper -->\n        <\/form>\n\n        \t\t\t\t<\/div>\n\t\t\t\t<\/div>\n\t\t\t\t\t<\/div>\n\t\t<\/div>\n\t\t\t\t\t<\/div>\n\t\t<\/section>\n\t\t\t\t<section class=\"elementor-section elementor-top-section elementor-element elementor-element-6fc59222 elementor-section-content-middle elementor-section-stretched elementor-section-full_width elementor-section-height-default elementor-section-height-default\" data-id=\"6fc59222\" data-element_type=\"section\" data-e-type=\"section\" data-settings=\"{&quot;stretch_section&quot;:&quot;section-stretched&quot;,&quot;background_background&quot;:&quot;classic&quot;}\">\n\t\t\t\t\t\t\t<div class=\"elementor-background-overlay\"><\/div>\n\t\t\t\t\t\t\t<div class=\"elementor-container elementor-column-gap-wide\">\n\t\t\t\t\t<div class=\"elementor-column elementor-col-100 elementor-top-column elementor-element elementor-element-766ac79d\" data-id=\"766ac79d\" data-element_type=\"column\" data-e-type=\"column\" data-settings=\"{&quot;background_background&quot;:&quot;classic&quot;}\">\n\t\t\t<div class=\"elementor-widget-wrap elementor-element-populated\">\n\t\t\t\t<div class=\"elementor-element elementor-element-eb6867f e-flex e-con-boxed e-con e-parent\" data-id=\"eb6867f\" data-element_type=\"container\" data-e-type=\"container\" data-settings=\"{&quot;background_background&quot;:&quot;classic&quot;}\">\n\t\t\t\t\t<div class=\"e-con-inner\">\n\t\t<div class=\"elementor-element elementor-element-41f4f2d e-con-full e-flex e-con e-child\" data-id=\"41f4f2d\" data-element_type=\"container\" data-e-type=\"container\">\n\t\t<div class=\"elementor-element elementor-element-98d2ec3 e-con-full animated-fast e-flex elementor-invisible e-con e-child\" data-id=\"98d2ec3\" data-element_type=\"container\" data-e-type=\"container\" data-settings=\"{&quot;background_background&quot;:&quot;classic&quot;,&quot;animation&quot;:&quot;fadeIn&quot;}\">\n\t\t\t\t<div class=\"elementor-element elementor-element-5d7f826 elementor-position-top elementor-widget elementor-widget-image-box\" data-id=\"5d7f826\" data-element_type=\"widget\" data-e-type=\"widget\" data-widget_type=\"image-box.default\">\n\t\t\t\t\t<div class=\"elementor-image-box-wrapper\"><figure class=\"elementor-image-box-img\"><a href=\"https:\/\/webit.com.ar\/tierrasdelsur\/tipo-propiedad\/terreno\/\" tabindex=\"-1\"><img decoding=\"async\" src=\"https:\/\/webit.com.ar\/tierrasdelsur\/wp-content\/uploads\/elementor\/thumbs\/TS-HOME-Terrenos-rlflaqvl8mnsrmujqwxf1yln0gxw5fftogg4n94uyo.jpg\" title=\"TS-HOME-Terrenos\" alt=\"TS-HOME-Terrenos\" loading=\"lazy\" \/><\/a><\/figure><div class=\"elementor-image-box-content\"><h3 class=\"elementor-image-box-title\"><a href=\"https:\/\/webit.com.ar\/tierrasdelsur\/tipo-propiedad\/terreno\/\">TERRENOS<\/a><\/h3><p class=\"elementor-image-box-description\">Lotes y terrenos en venta en ubicaciones privilegiadas de San Mart\u00edn de los Andes y la Patagonia. Oportunidades para desarrollar proyectos residenciales o tur\u00edsticos, con excelente entorno natural y proyecci\u00f3n de valorizaci\u00f3n\n<\/p><\/div><\/div>\t\t\t\t<\/div>\n\t\t\t\t<div class=\"elementor-element elementor-element-b219f80 elementor-align-left elementor-tablet-align-justify elementor-widget elementor-widget-button\" data-id=\"b219f80\" data-element_type=\"widget\" data-e-type=\"widget\" data-widget_type=\"button.default\">\n\t\t\t\t\t\t\t\t\t\t<a class=\"elementor-button elementor-button-link elementor-size-md\" href=\"https:\/\/webit.com.ar\/tierrasdelsur\/tipo-propiedad\/terreno\/\">\n\t\t\t\t\t\t<span class=\"elementor-button-content-wrapper\">\n\t\t\t\t\t\t<span class=\"elementor-button-icon\">\n\t\t\t\t<svg aria-hidden=\"true\" class=\"e-font-icon-svg e-fas-long-arrow-alt-right\" viewBox=\"0 0 448 512\" xmlns=\"http:\/\/www.w3.org\/2000\/svg\"><path d=\"M313.941 216H12c-6.627 0-12 5.373-12 12v56c0 6.627 5.373 12 12 12h301.941v46.059c0 21.382 25.851 32.09 40.971 16.971l86.059-86.059c9.373-9.373 9.373-24.569 0-33.941l-86.059-86.059c-15.119-15.119-40.971-4.411-40.971 16.971V216z\"><\/path><\/svg>\t\t\t<\/span>\n\t\t\t\t\t\t\t\t\t<span class=\"elementor-button-text\">VER TODOS<\/span>\n\t\t\t\t\t<\/span>\n\t\t\t\t\t<\/a>\n\t\t\t\t\t\t\t\t<\/div>\n\t\t\t\t<\/div>\n\t\t<div class=\"elementor-element elementor-element-20e29d7 e-con-full animated-fast e-flex elementor-invisible e-con e-child\" data-id=\"20e29d7\" data-element_type=\"container\" data-e-type=\"container\" data-settings=\"{&quot;background_background&quot;:&quot;classic&quot;,&quot;animation&quot;:&quot;fadeIn&quot;,&quot;animation_delay&quot;:100}\">\n\t\t\t\t<div class=\"elementor-element elementor-element-f9849ad elementor-position-top elementor-widget elementor-widget-image-box\" data-id=\"f9849ad\" data-element_type=\"widget\" data-e-type=\"widget\" data-widget_type=\"image-box.default\">\n\t\t\t\t\t<div class=\"elementor-image-box-wrapper\"><figure class=\"elementor-image-box-img\"><a href=\"https:\/\/webit.com.ar\/tierrasdelsur\/resultados-de-la-busqueda\/?status%5B%5D=venta&#038;type%5B%5D=departamento\" tabindex=\"-1\"><img decoding=\"async\" src=\"https:\/\/webit.com.ar\/tierrasdelsur\/wp-content\/uploads\/elementor\/thumbs\/TS-HOME-Deptos-rlfllj2xn7f7yl6ns2qc5qn0clshgf8yttvnuj59kw.jpg\" title=\"TS-HOME-Deptos\" alt=\"TS-HOME-Deptos\" loading=\"lazy\" \/><\/a><\/figure><div class=\"elementor-image-box-content\"><h3 class=\"elementor-image-box-title\"><a href=\"https:\/\/webit.com.ar\/tierrasdelsur\/resultados-de-la-busqueda\/?status%5B%5D=venta&#038;type%5B%5D=departamento\">DEPARTAMENTOS<\/a><\/h3><p class=\"elementor-image-box-description\">Propiedades en venta en ubicaciones estrat\u00e9gicas de San Mart\u00edn de los Andes y alrededores, ideales tanto para vivienda permanente como para inversi\u00f3n.<\/p><\/div><\/div>\t\t\t\t<\/div>\n\t\t\t\t<div class=\"elementor-element elementor-element-9836888 elementor-align-left elementor-tablet-align-justify elementor-widget elementor-widget-button\" data-id=\"9836888\" data-element_type=\"widget\" data-e-type=\"widget\" data-widget_type=\"button.default\">\n\t\t\t\t\t\t\t\t\t\t<a class=\"elementor-button elementor-button-link elementor-size-md\" href=\"https:\/\/webit.com.ar\/tierrasdelsur\/resultados-de-la-busqueda\/?status%5B%5D=venta&#038;type%5B%5D=departamento\">\n\t\t\t\t\t\t<span class=\"elementor-button-content-wrapper\">\n\t\t\t\t\t\t<span class=\"elementor-button-icon\">\n\t\t\t\t<svg aria-hidden=\"true\" class=\"e-font-icon-svg e-fas-long-arrow-alt-right\" viewBox=\"0 0 448 512\" xmlns=\"http:\/\/www.w3.org\/2000\/svg\"><path d=\"M313.941 216H12c-6.627 0-12 5.373-12 12v56c0 6.627 5.373 12 12 12h301.941v46.059c0 21.382 25.851 32.09 40.971 16.971l86.059-86.059c9.373-9.373 9.373-24.569 0-33.941l-86.059-86.059c-15.119-15.119-40.971-4.411-40.971 16.971V216z\"><\/path><\/svg>\t\t\t<\/span>\n\t\t\t\t\t\t\t\t\t<span class=\"elementor-button-text\">VER TODOS<\/span>\n\t\t\t\t\t<\/span>\n\t\t\t\t\t<\/a>\n\t\t\t\t\t\t\t\t<\/div>\n\t\t\t\t<\/div>\n\t\t<div class=\"elementor-element elementor-element-6e7e8c1 e-con-full animated-fast e-flex elementor-invisible e-con e-child\" data-id=\"6e7e8c1\" data-element_type=\"container\" data-e-type=\"container\" data-settings=\"{&quot;background_background&quot;:&quot;classic&quot;,&quot;animation&quot;:&quot;fadeIn&quot;,&quot;animation_delay&quot;:200}\">\n\t\t\t\t<div class=\"elementor-element elementor-element-3c198b9 elementor-position-top elementor-widget elementor-widget-image-box\" data-id=\"3c198b9\" data-element_type=\"widget\" data-e-type=\"widget\" data-widget_type=\"image-box.default\">\n\t\t\t\t\t<div class=\"elementor-image-box-wrapper\"><figure class=\"elementor-image-box-img\"><a href=\"https:\/\/webit.com.ar\/tierrasdelsur\/resultados-de-la-busqueda\/?status%5B%5D=venta&#038;type%5B%5D=casa\" tabindex=\"-1\"><img decoding=\"async\" src=\"https:\/\/webit.com.ar\/tierrasdelsur\/wp-content\/uploads\/elementor\/thumbs\/TS-HOME-Casas-rlfllj2xn7f7yl6ns2qc5qn0clshgf8yttvnuj59kw.jpg\" title=\"TS-HOME-Casas\" alt=\"TS-HOME-Casas\" loading=\"lazy\" \/><\/a><\/figure><div class=\"elementor-image-box-content\"><h3 class=\"elementor-image-box-title\"><a href=\"https:\/\/webit.com.ar\/tierrasdelsur\/resultados-de-la-busqueda\/?status%5B%5D=venta&#038;type%5B%5D=casa\">CASAS<\/a><\/h3><p class=\"elementor-image-box-description\">Encontr\u00e1 ese lugar que est\u00e1s buscando en ubicaciones estrat\u00e9gicas con entornos naturales so\u00f1ados y vistas incre\u00edbles de nuestra Patagonia. \n\n<\/p><\/div><\/div>\t\t\t\t<\/div>\n\t\t\t\t<div class=\"elementor-element elementor-element-04f968a elementor-align-left elementor-tablet-align-justify elementor-widget elementor-widget-button\" data-id=\"04f968a\" data-element_type=\"widget\" data-e-type=\"widget\" data-widget_type=\"button.default\">\n\t\t\t\t\t\t\t\t\t\t<a class=\"elementor-button elementor-button-link elementor-size-md\" href=\"https:\/\/webit.com.ar\/tierrasdelsur\/resultados-de-la-busqueda\/?status%5B%5D=venta&#038;type%5B%5D=casa\">\n\t\t\t\t\t\t<span class=\"elementor-button-content-wrapper\">\n\t\t\t\t\t\t<span class=\"elementor-button-icon\">\n\t\t\t\t<svg aria-hidden=\"true\" class=\"e-font-icon-svg e-fas-long-arrow-alt-right\" viewBox=\"0 0 448 512\" xmlns=\"http:\/\/www.w3.org\/2000\/svg\"><path d=\"M313.941 216H12c-6.627 0-12 5.373-12 12v56c0 6.627 5.373 12 12 12h301.941v46.059c0 21.382 25.851 32.09 40.971 16.971l86.059-86.059c9.373-9.373 9.373-24.569 0-33.941l-86.059-86.059c-15.119-15.119-40.971-4.411-40.971 16.971V216z\"><\/path><\/svg>\t\t\t<\/span>\n\t\t\t\t\t\t\t\t\t<span class=\"elementor-button-text\">VER TODOS<\/span>\n\t\t\t\t\t<\/span>\n\t\t\t\t\t<\/a>\n\t\t\t\t\t\t\t\t<\/div>\n\t\t\t\t<\/div>\n\t\t\t\t<\/div>\n\t\t\t\t\t<\/div>\n\t\t\t\t<\/div>\n\t\t\t\t<div class=\"elementor-element elementor-element-b190306 elementor-widget elementor-widget-spacer\" data-id=\"b190306\" data-element_type=\"widget\" data-e-type=\"widget\" data-widget_type=\"spacer.default\">\n\t\t\t\t\t\t\t<div class=\"elementor-spacer\">\n\t\t\t<div class=\"elementor-spacer-inner\"><\/div>\n\t\t<\/div>\n\t\t\t\t\t\t<\/div>\n\t\t\t\t\t<\/div>\n\t\t<\/div>\n\t\t\t\t\t<\/div>\n\t\t<\/section>\n\t\t<div class=\"elementor-element elementor-element-eee46f2 e-flex e-con-boxed e-con e-parent\" data-id=\"eee46f2\" data-element_type=\"container\" data-e-type=\"container\" data-settings=\"{&quot;background_background&quot;:&quot;classic&quot;}\">\n\t\t\t\t\t<div class=\"e-con-inner\">\n\t\t\t\t<div class=\"elementor-element elementor-element-563875d elementor-widget elementor-widget-heading\" data-id=\"563875d\" data-element_type=\"widget\" data-e-type=\"widget\" data-widget_type=\"heading.default\">\n\t\t\t\t\t<h2 class=\"elementor-heading-title elementor-size-default\">Patagonia Argentina<\/h2>\t\t\t\t<\/div>\n\t\t\t\t<div class=\"elementor-element elementor-element-6becac2 elementor-widget__width-initial elementor-widget elementor-widget-text-editor\" data-id=\"6becac2\" data-element_type=\"widget\" data-e-type=\"widget\" data-widget_type=\"text-editor.default\">\n\t\t\t\t\t\t\t\t\t<p>Invierta en la Patagonia, porque adem\u00e1s de realizar un inmejorable negocio, encontrar\u00e1 seguridad y tranquilidad en permanente contacto con la naturaleza.<\/p><p>Aqu\u00ed hemos concebido nuestra empresa, orientada a promover y desarrollar la zona, tratando de que usted tambi\u00e9n pueda disfrutar de una excelente calidad de vida.<\/p><p>Haga de la pesca con mosca, el esqui, el golf y el deporte aventura todo un estilo de vida en este refugio de monta\u00f1a. Le ofrecemos un asesoramiento profesional para invertir en bienes ra\u00edces, turismo y otras actividades, asisti\u00e9ndolo y acompa\u00f1\u00e1ndolo en su decisi\u00f3n y buscando junto a usted las mejores opciones.<\/p>\t\t\t\t\t\t\t\t<\/div>\n\t\t\t\t\t<\/div>\n\t\t\t\t<\/div>\n\t\t\t\t<\/div>\n\t\t","protected":false},"excerpt":{"rendered":"<p>Operaci\u00f3n Operaci\u00f3nAlquilerPozoVenta Tipo CasaDepartamentoHotelLocalPHTerreno Ciudad CiudadA\u00f1eloCaleuf\u00faHuechulafquenLago LologLologMeliquinaSan Martin De Los Andes Zona ZonaAlihuen Alto y BajoAltos de ChapelcoAltos del SolA\u00f1eloBalconesCaleuf\u00faCentroChapelco Golf &amp; ResortEl Desaf\u00edoEstancia MiralejosHandelHuechulafquenHuilichesLa CascadaLacarLago LologLas Marias Del ValleLologLos Faldeos de ChapelcoLos LagosLos MaitenesLos RiscosMeliquinaNoregon \u2013 Club de CamposPotrero AltoQuila QuinaQuilquihueRatralReserva BajaRuca HueSan Martin De Los AndesValle escondido \u2013 Club de campoVilla Lago MeliquinaVilla [&hellip;]<\/p>\n","protected":false},"author":1,"featured_media":0,"parent":0,"menu_order":0,"comment_status":"closed","ping_status":"closed","template":"template\/template-homepage.php","meta":{"_joinchat":[],"footnotes":""},"class_list":["post-17972","page","type-page","status-publish","hentry"],"_links":{"self":[{"href":"https:\/\/webit.com.ar\/tierrasdelsur\/wp-json\/wp\/v2\/pages\/17972","targetHints":{"allow":["GET"]}}],"collection":[{"href":"https:\/\/webit.com.ar\/tierrasdelsur\/wp-json\/wp\/v2\/pages"}],"about":[{"href":"https:\/\/webit.com.ar\/tierrasdelsur\/wp-json\/wp\/v2\/types\/page"}],"author":[{"embeddable":true,"href":"https:\/\/webit.com.ar\/tierrasdelsur\/wp-json\/wp\/v2\/users\/1"}],"replies":[{"embeddable":true,"href":"https:\/\/webit.com.ar\/tierrasdelsur\/wp-json\/wp\/v2\/comments?post=17972"}],"version-history":[{"count":195,"href":"https:\/\/webit.com.ar\/tierrasdelsur\/wp-json\/wp\/v2\/pages\/17972\/revisions"}],"predecessor-version":[{"id":1267491,"href":"https:\/\/webit.com.ar\/tierrasdelsur\/wp-json\/wp\/v2\/pages\/17972\/revisions\/1267491"}],"wp:attachment":[{"href":"https:\/\/webit.com.ar\/tierrasdelsur\/wp-json\/wp\/v2\/media?parent=17972"}],"curies":[{"name":"wp","href":"https:\/\/api.w.org\/{rel}","templated":true}]}}